{"id":10,"date":"2014-11-18T06:42:36","date_gmt":"2014-11-18T06:42:36","guid":{"rendered":"http:\/\/linuxfed20\/guinea\/?page_id=10"},"modified":"2015-01-13T05:42:54","modified_gmt":"2015-01-13T05:42:54","slug":"about-the-country","status":"publish","type":"page","link":"http:\/\/guinebissau.com\/it\/about-the-country\/","title":{"rendered":"Il Paese"},"content":{"rendered":"<p><\/p>\n<div class=\"about_country\">\n<div class=\"clearfix\">\n<div class=\"lefttexts\">\n<p>La Repubblica della Guinea-Bissau, nell\u2019Africa occidentale, \u00e8 un\u2019ex colonia portoghese con una popolazione di 1,6 milioni di abitanti. \u00c8 parte della pi\u00f9 ampia Unione Monetaria dell\u2019Africa Occidentale, che ha una popolazione di 72 milioni di persone.<\/p>\n<p>La Guinea-Bissau si trova sulla costa occidentale africana, a sud del Gambia e a nord-ovest della Guinea. La popolazione parla molti dialetti africani locali, oltre al portoghese (la lingua ufficiale), il \u201cKriol\u201d (creolo basato sul portoghese con influssi da altre lingue) e un po\u2019 di francese, che viene insegnato nelle scuole considerando che la Guinea-Bissau confina con nazioni francofone.<\/p>\n<p>La citt\u00e0 pi\u00f9 grande di questo piccolo Paese tropicale pianeggiante \u00e8 la capitale, Bissau, con una popolazione stimata di 400.000 persone. La Guinea-Bissau fa parte del sistema monetario del franco CFA, il che significa che la sua valuta \u00e8 garantita dal Tesoro francese.<\/p>\n<\/p><\/div>\n<div class=\"righttexts\">\n<h3><span class=\"bigbluetext\"> Scopri maggiori<\/span> informazioni <br \/> sulle <span class=\"bigredtext\">opportunit\u00e0<\/span> di investimento <br \/>nella <span class=\"bigblacktext\">Guinea Bissau<\/span><\/h3>\n<\/p><\/div>\n<\/p><\/div>\n<div class=\"about-country-details clearfix\">\n                <img decoding=\"async\" src=\"http:\/\/guinebissau.com\/wp-content\/uploads\/2014\/11\/about_country_small.jpg\" alt=\"about-country\" \/><\/p>\n<p class=\"strong\">Dopo diversi sconvolgimenti politici, i principali partiti politici del Paese hanno siglato un patto di stabilit\u00e0 e il Fondo Monetario Internazionale ha supportato un programma di riforme strutturali. Il risultato \u00e8 stata la nascita dell&#8217;economia della Guinea-Bissau.<\/p>\n<p>La popolazione della Guinea-Bissau \u00e8 nota in generale per la sua etica di duro lavoro e per la sua cordialit\u00e0. Oggi, date le migliori circostanze in cui versa il Paese, il governo sta sollecitando attivamente gli investimenti stranieri e offrendo vari incentivi e tutele. <\/p>\n<p>La nazione \u00e8 famosa per la sua straordinaria bellezza paesaggistica, caratterizzata da spiagge e flora e fauna selvatiche. Pittoreschi villaggi di pescatori fiancheggiano la costa boschiva, mentre l\u2019interno \u00e8 secco. <span class=\"redtext\">Al largo della costa della Guinea-Bissau<\/span> si trova l\u2019arcipelago delle Bijagos, famoso per la sua bellezza ineguagliabile. <\/p>\n<\/p><\/div>\n<div class=\"country_details\">\n<p class=\"bluetext\">L\u2019isola \u00e8 abitata da una popolazione indigena, i Bidyogo, che hanno una propria lingua e cultura.<\/p>\n<p>La Guinea-Bissau fa parte dell\u2019Unione Africana, della Comunit\u00e0 Economica degli Stati Africani Occidentali, dell\u2019Organizzazione per l\u2019Armonizzazione del Diritto Commerciale in Africa (OHADA) e della Zona di Pace e Cooperazione dell\u2019Atlantico del Sud.<\/p>\n<\/p><\/div>\n<\/div>\n<p><\/p>","protected":false},"excerpt":{"rendered":"<p>La Repubblica della Guinea-Bissau, nell\u2019Africa occidentale, \u00e8 un\u2019ex colonia portoghese con una popolazione di 1,6 milioni di abitanti. \u00c8 parte della pi\u00f9 ampia Unione Monetaria dell\u2019Africa Occidentale, che ha una popolazione di 72 milioni di persone. La Guinea-Bissau si trova sulla costa occidentale africana, a sud del Gambia e a nord-ovest della Guinea. La popolazione [&hellip;]<\/p>\n","protected":false},"author":1,"featured_media":122,"parent":0,"menu_order":0,"comment_status":"open","ping_status":"open","template":"","meta":{"footnotes":""},"class_list":["post-10","page","type-page","status-publish","has-post-thumbnail","hentry"],"_links":{"self":[{"href":"http:\/\/guinebissau.com\/it\/wp-json\/wp\/v2\/pages\/10","targetHints":{"allow":["GET"]}}],"collection":[{"href":"http:\/\/guinebissau.com\/it\/wp-json\/wp\/v2\/pages"}],"about":[{"href":"http:\/\/guinebissau.com\/it\/wp-json\/wp\/v2\/types\/page"}],"author":[{"embeddable":true,"href":"http:\/\/guinebissau.com\/it\/wp-json\/wp\/v2\/users\/1"}],"replies":[{"embeddable":true,"href":"http:\/\/guinebissau.com\/it\/wp-json\/wp\/v2\/comments?post=10"}],"version-history":[{"count":12,"href":"http:\/\/guinebissau.com\/it\/wp-json\/wp\/v2\/pages\/10\/revisions"}],"predecessor-version":[{"id":205,"href":"http:\/\/guinebissau.com\/it\/wp-json\/wp\/v2\/pages\/10\/revisions\/205"}],"wp:featuredmedia":[{"embeddable":true,"href":"http:\/\/guinebissau.com\/it\/wp-json\/wp\/v2\/media\/122"}],"wp:attachment":[{"href":"http:\/\/guinebissau.com\/it\/wp-json\/wp\/v2\/media?parent=10"}],"curies":[{"name":"wp","href":"https:\/\/api.w.org\/{rel}","templated":true}]}}