{"id":14,"date":"2014-11-18T06:46:05","date_gmt":"2014-11-18T06:46:05","guid":{"rendered":"http:\/\/linuxfed20\/guinea\/?page_id=14"},"modified":"2015-01-09T08:56:28","modified_gmt":"2015-01-09T08:56:28","slug":"investment-oppurtunities","status":"publish","type":"page","link":"http:\/\/guinebissau.com\/it\/investment-oppurtunities\/","title":{"rendered":"Opportunit\u00e0 di investimento"},"content":{"rendered":"<p><\/p>\n<div class=\"investment_inner clearfix \">\n<div class=\"lefttexts\">\n<div id=\"tourism\" class=\"clearfix invest\">\n<p><span class=\"invest_icon\"><img decoding=\"async\" src=\"http:\/\/guinebissau.com\/wp-content\/uploads\/2014\/11\/oppurtunity_icon1.png\" alt=\"oppurtunity_icon1\" \/><\/span><span class=\"invest_texts\"><span class=\"redstrong\">Turismo:<\/span> data la sua posizione, il clima e le vaste distesa di bellezze paesaggistiche incontaminate, lo sviluppo del turismo \u00e8 un\u2019importante punto focale degli investimenti pubblici.<\/span><\/p>\n<\/div>\n<div id=\"import\" class=\"clearfix invest\">\n<p><span class=\"invest_icon\"><img decoding=\"async\" src=\"http:\/\/guinebissau.com\/wp-content\/uploads\/2014\/11\/oppurtunity_icon2.png\" alt=\"oppurtunity_icon2\" \/><\/span><span class=\"invest_texts\"><span class=\"redstrong\">Importazioni-esportazioni:<\/span> la capitale della Guinea-Bissau, Bissau, \u00e8 un\u2019importante citt\u00e0 portuale. Infrastrutture per le importazioni e le esportazioni, come uffici doganali, sono gi\u00e0 disponibili. I dazi doganali sono bassi in tutti i settori, ad eccezione dei beni di lusso e degli alcolici.<\/span><\/p>\n<\/div>\n<div id=\"telecom\" class=\"clearfix invest\">\n<p><span class=\"invest_icon\"><img decoding=\"async\" src=\"http:\/\/guinebissau.com\/wp-content\/uploads\/2014\/11\/oppurtunity_icon3.png\" alt=\"oppurtunity_icon3\" \/><\/span><span class=\"invest_texts\"><span class=\"redstrong\">Telecomunicazioni:<\/span> come molti paesi africani, la Guinea-Bissau ha abbandonato subito le infrastrutture telefoniche fisse a favore delle reti senza fili. La percentuale della popolazione dotata di telefoni cellulari e di accesso a Internet sta aumentando velocemente.<\/span><\/p>\n<\/div>\n<div id=\"construction\" class=\"clearfix invest\">\n<p><span class=\"invest_icon\"><img decoding=\"async\" src=\"http:\/\/guinebissau.com\/wp-content\/uploads\/2014\/11\/oppurtunity_icon4.png\" alt=\"oppurtunity_icon4\" \/><\/span><span class=\"invest_texts\"><span class=\"redstrong\">Costruzione e sviluppo:<\/span> vi sono infinite opportunit\u00e0 in questo settore, molte di pi\u00f9 di quanto le aziende locali possano sperare di sfruttare. Questa situazione offre perci\u00f2 ottime opportunit\u00e0 per gli investimenti.<\/span><\/p>\n<\/div>\n<div id=\"manufacture\" class=\"clearfix invest\">\n<p><span class=\"invest_icon\"><img decoding=\"async\" src=\"http:\/\/guinebissau.com\/wp-content\/uploads\/2014\/11\/oppurtunity_icon5.png\" alt=\"oppurtunity_icon5\" \/><\/span><span class=\"invest_texts\"><span class=\"redstrong\">Produzione:<\/span>  oggi il settore manifatturiero \u00e8 composto da piccole imprese che servono il mercato nazionale. Il governo sta favorendo lo sviluppo di un settore industriale pi\u00f9 solido \u2013 inclusi i servizi accessori, come quelli bancari \u2013 per sfruttare al meglio la ricchezza di materie prime della Guinea-Bissau e anche la sua posizione costiera di prim\u2019ordine, oltre al porto in acque profonde che la rendono un punto di partenza eccellente per le spedizioni.<\/span> <\/p>\n<\/div>\n<div id=\"livestock\" class=\"clearfix invest\">\n<p><span class=\"invest_icon\"><img decoding=\"async\" src=\"http:\/\/guinebissau.com\/wp-content\/uploads\/2014\/11\/oppurtunity_icon6.png\" alt=\"oppurtunity_icon6\" \/><\/span><span class=\"invest_texts\"><span class=\"redstrong\">Allevamento:<\/span> il settore dell\u2019allevamento nella Guinea-Bissau \u00e8 sottosviluppato, caratterizzato da piccoli produttori di bovini, suini e pollame. Mancano allevamenti organizzati. Poich\u00e9 la nazione nel complesso cerca di attrarre il commercio e il turismo, vi sar\u00e0 la necessit\u00e0 di un miglioramento sostanziale nella produzione zootecnica \u2013 e quindi grandi opportunit\u00e0 per investimenti redditizi.<\/span> <\/p>\n<\/div>\n<div id=\"fisheries\" class=\"clearfix invest\">\n<p><span class=\"invest_icon\"><img decoding=\"async\" src=\"http:\/\/guinebissau.com\/wp-content\/uploads\/2014\/11\/oppurtunity_icon7.png\" alt=\"oppurtunity_icon7\" \/><\/span><span class=\"invest_texts\"><span class=\"redstrong\">Pesca:<\/span> la domanda nazionale di pesce e frutti di mare sta aumentando; il governo della Guinea-Bissau sta quindi fornendo incentivi per gli investimenti in questo settore. Inoltre, le esportazioni saranno agevolate, il che significa che gli investitori potranno sfruttare svariati flussi di ricavi.<\/span><\/p>\n<\/div>\n<div id=\"agribusiness\" class=\"clearfix invest\">\n<p><span class=\"invest_icon\"><img decoding=\"async\" src=\"http:\/\/guinebissau.com\/wp-content\/uploads\/2014\/11\/oppurtunity_icon8.png\" alt=\"oppurtunity_icon8\" \/><\/span><span class=\"invest_texts\"><span class=\"redstrong\">Agricoltura e settore agroalimentare<\/span> i terreni della Guinea-Bissau sono fertili e idonei alla produzione agricola. Tuttavia, i metodi agricoli sono assai antiquati. Analogamente, le capacit\u00e0 di lavorazione sono estremamente sottosviluppate, il che significa che i prodotti di base come succhi di frutta, salse, frutta secca, mangime per polli e prodotti caseari devono essere importati, mentre eccedenze di mango, arance, pomodori e altra frutta restano inutilizzate. C\u2019\u00e8 spazio per un notevole miglioramento in questi settori essenziali.<\/span><\/p>\n<\/div>\n<\/div>\n<div class=\"righttexts\">\n<h3>Per <br \/> <span class=\"bigbluetext\">investitori qualificati,<\/span> <br \/><span class=\"bigredtext\">tante <\/span><br \/>opportunit\u00e0 <\/h3>\n<\/div>\n<\/div>\n<p><\/p>","protected":false},"excerpt":{"rendered":"<p>Turismo: data la sua posizione, il clima e le vaste distesa di bellezze paesaggistiche incontaminate, lo sviluppo del turismo \u00e8 un\u2019importante punto focale degli investimenti pubblici. Importazioni-esportazioni: la capitale della Guinea-Bissau, Bissau, \u00e8 un\u2019importante citt\u00e0 portuale. Infrastrutture per le importazioni e le esportazioni, come uffici doganali, sono gi\u00e0 disponibili. I dazi doganali sono bassi in [&hellip;]<\/p>\n","protected":false},"author":1,"featured_media":117,"parent":0,"menu_order":0,"comment_status":"open","ping_status":"open","template":"","meta":{"footnotes":""},"class_list":["post-14","page","type-page","status-publish","has-post-thumbnail","hentry"],"_links":{"self":[{"href":"http:\/\/guinebissau.com\/it\/wp-json\/wp\/v2\/pages\/14","targetHints":{"allow":["GET"]}}],"collection":[{"href":"http:\/\/guinebissau.com\/it\/wp-json\/wp\/v2\/pages"}],"about":[{"href":"http:\/\/guinebissau.com\/it\/wp-json\/wp\/v2\/types\/page"}],"author":[{"embeddable":true,"href":"http:\/\/guinebissau.com\/it\/wp-json\/wp\/v2\/users\/1"}],"replies":[{"embeddable":true,"href":"http:\/\/guinebissau.com\/it\/wp-json\/wp\/v2\/comments?post=14"}],"version-history":[{"count":21,"href":"http:\/\/guinebissau.com\/it\/wp-json\/wp\/v2\/pages\/14\/revisions"}],"predecessor-version":[{"id":207,"href":"http:\/\/guinebissau.com\/it\/wp-json\/wp\/v2\/pages\/14\/revisions\/207"}],"wp:featuredmedia":[{"embeddable":true,"href":"http:\/\/guinebissau.com\/it\/wp-json\/wp\/v2\/media\/117"}],"wp:attachment":[{"href":"http:\/\/guinebissau.com\/it\/wp-json\/wp\/v2\/media?parent=14"}],"curies":[{"name":"wp","href":"https:\/\/api.w.org\/{rel}","templated":true}]}}