{"id":53,"date":"2014-11-18T09:29:10","date_gmt":"2014-11-18T09:29:10","guid":{"rendered":"http:\/\/linuxfed20\/guinea\/?page_id=53"},"modified":"2015-01-09T06:34:23","modified_gmt":"2015-01-09T06:34:23","slug":"business-climate-about-the-country-home-page","status":"publish","type":"page","link":"http:\/\/guinebissau.com\/it\/business-climate-about-the-country-home-page\/","title":{"rendered":"Business Climate- About the Country &#8211; home page"},"content":{"rendered":"<p><\/p>\n<div class=\"business_climate clearfix\">\n<h2 class=\"head_title\">Clima economico<\/h2>\n<p class=\"head_slogan\">Un clima notevolmente migliorato per le attivit\u00e0 commerciali e gli investimenti.<\/p>\n<\/p><\/div>\n<div class=\"business_climate_details clearfix\">\n        <img decoding=\"async\" src=\"http:\/\/guinebissau.com\/wp-content\/uploads\/2014\/11\/business-climate1.png\" alt=\"business-climate\" \/><\/p>\n<p class=\"head_slogan\">Secondo una relazione della Banca Mondiale, \u201cDoing Business 2015\u201d, il clima economico della Guinea-Bissau definito sulla base di diversi indicatori \u2013 ad esempio, ottenimento del credito, ottenimento di licenze, anche aspetti basilari come garanzia del patrimonio immobiliare ed elettricit\u00e0 \u2013 sta migliorando. La valuta \u00e8 stabile. Avviare un\u2019attivit\u00e0 \u00e8 pi\u00f9 semplice. Le tutele per gli investitori sono migliorate e di fatto la Guinea-Bissau si classifica al primo posto tra i suoi pari nella tutela degli investitori di minoranza e degli amministratori societari.  <a href=\"http:\/\/guinebissau.com\/?page_id=12\"> [&#8230;]<\/a><\/p>\n<\/p><\/div>\n<div class=\"about_country clearfix\">\n<p class=\"head_slogan\">Una nazione all\u2019inizio della sua crescita economica.<\/p>\n<h2 class=\"head_title\">Il Paese<\/h2>\n<\/p><\/div>\n<div class=\"about_country_details clearfix\">\n        <img decoding=\"async\" src=\"http:\/\/guinebissau.com\/wp-content\/uploads\/2014\/11\/about_country.png\" alt=\"about_country_small\" \/> <\/p>\n<p class=\"head_slogan\">La Repubblica della Guinea-Bissau, nell\u2019Africa occidentale, \u00e8 un\u2019ex colonia portoghese con una popolazione di 1,6 milioni di abitanti. \u00c8 parte della pi\u00f9 ampia Unione Monetaria dell\u2019Africa Occidentale, che ha una popolazione di 72 milioni di persone. La Guinea-Bissau si trova sulla costa occidentale africana, a sud del Gambia e a nord-ovest della Guinea. <a href=\"http:\/\/guinebissau.com\/?page_id=10\"> [&#8230;]<\/a><\/p>\n<\/p><\/div>\n<p><\/p>","protected":false},"excerpt":{"rendered":"<p>Clima economico Un clima notevolmente migliorato per le attivit\u00e0 commerciali e gli investimenti. Secondo una relazione della Banca Mondiale, \u201cDoing Business 2015\u201d, il clima economico della Guinea-Bissau definito sulla base di diversi indicatori \u2013 ad esempio, ottenimento del credito, ottenimento di licenze, anche aspetti basilari come garanzia del patrimonio immobiliare ed elettricit\u00e0 \u2013 sta migliorando. [&hellip;]<\/p>\n","protected":false},"author":1,"featured_media":0,"parent":0,"menu_order":0,"comment_status":"open","ping_status":"open","template":"","meta":{"footnotes":""},"class_list":["post-53","page","type-page","status-publish","hentry"],"_links":{"self":[{"href":"http:\/\/guinebissau.com\/it\/wp-json\/wp\/v2\/pages\/53","targetHints":{"allow":["GET"]}}],"collection":[{"href":"http:\/\/guinebissau.com\/it\/wp-json\/wp\/v2\/pages"}],"about":[{"href":"http:\/\/guinebissau.com\/it\/wp-json\/wp\/v2\/types\/page"}],"author":[{"embeddable":true,"href":"http:\/\/guinebissau.com\/it\/wp-json\/wp\/v2\/users\/1"}],"replies":[{"embeddable":true,"href":"http:\/\/guinebissau.com\/it\/wp-json\/wp\/v2\/comments?post=53"}],"version-history":[{"count":14,"href":"http:\/\/guinebissau.com\/it\/wp-json\/wp\/v2\/pages\/53\/revisions"}],"predecessor-version":[{"id":230,"href":"http:\/\/guinebissau.com\/it\/wp-json\/wp\/v2\/pages\/53\/revisions\/230"}],"wp:attachment":[{"href":"http:\/\/guinebissau.com\/it\/wp-json\/wp\/v2\/media?parent=53"}],"curies":[{"name":"wp","href":"https:\/\/api.w.org\/{rel}","templated":true}]}}