{"id":10,"date":"2014-11-18T06:42:36","date_gmt":"2014-11-18T06:42:36","guid":{"rendered":"http:\/\/linuxfed20\/guinea\/?page_id=10"},"modified":"2015-01-13T05:42:54","modified_gmt":"2015-01-13T05:42:54","slug":"about-the-country","status":"publish","type":"page","link":"http:\/\/guinebissau.com\/pt\/about-the-country\/","title":{"rendered":"Sobre o Pa\u00eds"},"content":{"rendered":"<p><\/p>\n<div class=\"about_country\">\n<div class=\"clearfix\">\n<div class=\"lefttexts\">\n<p>A Rep\u00fablica da Guin\u00e9-Bissau, na \u00c1frica Ocidental, \u00e9 uma ex-col\u00f3nia portuguesa com uma popula\u00e7\u00e3o de 1.6 milh\u00f5es. Pertence \u00e0 Uni\u00e3o Econ\u00f3mica e Monet\u00e1ria do Oeste Africano, cuja popula\u00e7\u00e3o ascende aos 72 milh\u00f5es.<\/p>\n<p> A Guin\u00e9-Bissau situa-se na costa ocidental Africana, a sul da Gambia e a noroeste da Guin\u00e9. A popula\u00e7\u00e3o fala diversas l\u00ednguas africanas, bem como portugu\u00eas (a l\u00edngua oficial), Crioulo (l\u00edngua que vem do portugu\u00eas com outras l\u00ednguas misturadas) e franc\u00eas, que \u00e9 ensinado nas escolas, uma vez que a Guin\u00e9-Bissau faz fronteira com pa\u00edses franc\u00f3fonos. <\/p>\n<p>A maior cidade deste pequeno pa\u00eds subtropical \u00e9 a capital, Bissau, com uma popula\u00e7\u00e3o estimada de 400 mil habitantes.<\/p>\n<\/p><\/div>\n<div class=\"righttexts\">\n<h3><span class=\"bigbluetext\"> Uma na\u00e7\u00e3o<\/span> no in\u00edcio <br \/> da sua <span class=\"bigredtext\">ascens\u00e3o <\/span> econ\u00f3mica <\/h3>\n<\/p><\/div>\n<\/p><\/div>\n<div class=\"about-country-details clearfix\">\n                <img decoding=\"async\" src=\"http:\/\/guinebissau.com\/wp-content\/uploads\/2014\/11\/about_country_small.jpg\" alt=\"about-country\" \/><\/p>\n<p class=\"strong\">A Guin\u00e9-Bissau \u00e9 membro do sistema monet\u00e1rio Franco CFA, cuja moeda \u00e9 garantida pelo tesouro de Fran\u00e7a. <\/p>\n<p>Ap\u00f3s v\u00e1rias reviravoltas pol\u00edticas, os principais partidos do pa\u00eds assinaram um pacto de estabilidade e o Fundo Monet\u00e1rio Internacional (FMI) apoiou um programa de reforma estrutural. O resultado traduziu-se no despertar da Economia da Guin\u00e9-Bissau.  <\/p>\n<p>O povo da Guin\u00e9-Bissau \u00e9 conhecido por ser amistoso bem como pela sua \u00e9tica de trabalho. Atualmente, dada a melhoria de condi\u00e7\u00f5es de vida e circunst\u00e2ncias, o governo est\u00e1 aberto a investimento estrangeiro, oferecendo m\u00faltiplos incentivos e garantias. <\/p>\n<\/p><\/div>\n<div class=\"country_details\">\n<p class=\"bluetext\">O pa\u00eds \u00e9 conhecido pela sua inigual\u00e1vel beleza natural, com praias e vida selvagem. As pitorescas aldeias piscat\u00f3rias contornam toda a linha costeira, enquanto o interior \u00e9 seco. Ao largo da Guin\u00e9-Bissau, encontra-se o Arquip\u00e9lago dos Bijag\u00f3s, de uma beleza sem rival. A ilha alberga o povo ind\u00edgena Bidyogo, com a sua linguagem e cultura pr\u00f3pria. <\/p>\n<p>A Guin\u00e9-Bissau \u00e9 membro da Uni\u00e3o Africana, Comunidade Econ\u00f3mica dos Estados da \u00c1frica Ocidental, Organiza\u00e7\u00e3o da Harmoniza\u00e7\u00e3o em \u00c1frica do Direito dos Neg\u00f3cios (OHADA) e da Zona de Paz e Coopera\u00e7\u00e3o do Atl\u00e2ntico Sul.<\/p>\n<\/p><\/div>\n<\/div>\n<p><\/p>","protected":false},"excerpt":{"rendered":"<p>A Rep\u00fablica da Guin\u00e9-Bissau, na \u00c1frica Ocidental, \u00e9 uma ex-col\u00f3nia portuguesa com uma popula\u00e7\u00e3o de 1.6 milh\u00f5es. Pertence \u00e0 Uni\u00e3o Econ\u00f3mica e Monet\u00e1ria do Oeste Africano, cuja popula\u00e7\u00e3o ascende aos 72 milh\u00f5es. A Guin\u00e9-Bissau situa-se na costa ocidental Africana, a sul da Gambia e a noroeste da Guin\u00e9. A popula\u00e7\u00e3o fala diversas l\u00ednguas africanas, bem [&hellip;]<\/p>\n","protected":false},"author":1,"featured_media":122,"parent":0,"menu_order":0,"comment_status":"open","ping_status":"open","template":"","meta":{"footnotes":""},"class_list":["post-10","page","type-page","status-publish","has-post-thumbnail","hentry"],"_links":{"self":[{"href":"http:\/\/guinebissau.com\/pt\/wp-json\/wp\/v2\/pages\/10","targetHints":{"allow":["GET"]}}],"collection":[{"href":"http:\/\/guinebissau.com\/pt\/wp-json\/wp\/v2\/pages"}],"about":[{"href":"http:\/\/guinebissau.com\/pt\/wp-json\/wp\/v2\/types\/page"}],"author":[{"embeddable":true,"href":"http:\/\/guinebissau.com\/pt\/wp-json\/wp\/v2\/users\/1"}],"replies":[{"embeddable":true,"href":"http:\/\/guinebissau.com\/pt\/wp-json\/wp\/v2\/comments?post=10"}],"version-history":[{"count":12,"href":"http:\/\/guinebissau.com\/pt\/wp-json\/wp\/v2\/pages\/10\/revisions"}],"predecessor-version":[{"id":205,"href":"http:\/\/guinebissau.com\/pt\/wp-json\/wp\/v2\/pages\/10\/revisions\/205"}],"wp:featuredmedia":[{"embeddable":true,"href":"http:\/\/guinebissau.com\/pt\/wp-json\/wp\/v2\/media\/122"}],"wp:attachment":[{"href":"http:\/\/guinebissau.com\/pt\/wp-json\/wp\/v2\/media?parent=10"}],"curies":[{"name":"wp","href":"https:\/\/api.w.org\/{rel}","templated":true}]}}