{"id":12,"date":"2014-11-18T06:45:42","date_gmt":"2014-11-18T06:45:42","guid":{"rendered":"http:\/\/linuxfed20\/guinea\/?page_id=12"},"modified":"2015-01-09T06:46:15","modified_gmt":"2015-01-09T06:46:15","slug":"business-climate","status":"publish","type":"page","link":"http:\/\/guinebissau.com\/pt\/business-climate\/","title":{"rendered":"Clima de Neg\u00f3cios"},"content":{"rendered":"<p><\/p>\n<div class=\"lefttexts\">\n<p class=\"bottom_border\">De acordo com o relat\u00f3rio do Banco Mundial \u2018Doing Business 2015\u2019, o clima de neg\u00f3cios da Guin\u00e9-Bissau pode ser medido atrav\u00e9s de m\u00faltiplos indicadores \u2013 por exemplo, obten\u00e7\u00e3o de cr\u00e9dito, licen\u00e7as, mesmo em termos mais b\u00e1sicos como a fiabilidade no ramo imobili\u00e1rio, a eletricidade \u2013 est\u00e3o a melhorar. A Moeda \u00e9 est\u00e1vel. Come\u00e7ar um neg\u00f3cio \u00e9 mais f\u00e1cil. A protec\u00e7\u00e3o ao investimento melhorou e, na verdade, a Guin\u00e9-Bissau encontra-se nos primeiros lugares, entre os seus pares, no que diz respeito \u00e0 protec\u00e7\u00e3o pequenos investidores e diretores de empresas.<\/p>\n<p class=\"bottom_border\">A sua situa\u00e7\u00e3o geogr\u00e1fica torna a Guin\u00e9-Bissau numa localiza\u00e7\u00e3o conveniente para o transporte de mercadorias de e para os mercados mundiais. Existem muitas pessoas dispon\u00edveis para trabalhar, existe experi\u00eancia, particularmente no sector das pescas e da agricultura. Toda a linha da costa atl\u00e2ntica e beleza natural sugerem um futuro promissor para o sector do turismo.<\/p>\n<p class=\"bottom_border\">Para os investidores, existem muitas oportunidades para a agricultura \u2013 grandes extens\u00f5es de terra por desenvolver combinadas com a preval\u00eancia de t\u00e9cnicas tradicionais de agricultura, significam que a moderniza\u00e7\u00e3o poder\u00e1 ter um enorme impacto na produtividade. Al\u00e9m disso, o clima e as condi\u00e7\u00f5es s\u00e3o favor\u00e1veis \u00e0 agricultura. O mesmo \u00e9 verdade para a pesca, um sector que det\u00e9m a promessa de um aumento da produtividade atrav\u00e9s da moderniza\u00e7\u00e3o. <\/p>\n<p>Para estimular o crescimento econ\u00f3mico, o governo da Guin\u00e9-Bissau oferece incentivos e protec\u00e7\u00e3o, garantindo aos <span class=\"bluetext\">investidores<\/span>:<\/p>\n<ul>\n<li><i class=\"fa fa-angle-double-right\"><\/i>Tratamento igual a investidores nacionais e estrangeiros<\/li>\n<li><i class=\"fa fa-angle-double-right\"><\/i>Sem penhora ou nacionaliza\u00e7\u00e3o de bens<\/li>\n<li><i class=\"fa fa-angle-double-right\"><\/i>Livre transfer\u00eancia de lucros<\/li>\n<li><i class=\"fa fa-angle-double-right\"><\/i>Potencial redu\u00e7\u00e3o de 50% de impostos por um per\u00edodo de seis anos<\/li>\n<\/ul>\n<\/div>\n<div class=\"righttexts\">\n<h3>Um clima <span class=\"bigbluetext\">amplamente<\/span> <br \/> melhorado para o <span class=\"bigredtext\">investimento<\/span><br \/> e <span class=\"bigblacktext\">neg\u00f3cios.<\/span><\/h3>\n<\/div>\n<p><\/p>","protected":false},"excerpt":{"rendered":"<p>De acordo com o relat\u00f3rio do Banco Mundial \u2018Doing Business 2015\u2019, o clima de neg\u00f3cios da Guin\u00e9-Bissau pode ser medido atrav\u00e9s de m\u00faltiplos indicadores \u2013 por exemplo, obten\u00e7\u00e3o de cr\u00e9dito, licen\u00e7as, mesmo em termos mais b\u00e1sicos como a fiabilidade no ramo imobili\u00e1rio, a eletricidade \u2013 est\u00e3o a melhorar. A Moeda \u00e9 est\u00e1vel. Come\u00e7ar um neg\u00f3cio [&hellip;]<\/p>\n","protected":false},"author":1,"featured_media":123,"parent":0,"menu_order":0,"comment_status":"open","ping_status":"open","template":"","meta":{"footnotes":""},"class_list":["post-12","page","type-page","status-publish","has-post-thumbnail","hentry"],"_links":{"self":[{"href":"http:\/\/guinebissau.com\/pt\/wp-json\/wp\/v2\/pages\/12","targetHints":{"allow":["GET"]}}],"collection":[{"href":"http:\/\/guinebissau.com\/pt\/wp-json\/wp\/v2\/pages"}],"about":[{"href":"http:\/\/guinebissau.com\/pt\/wp-json\/wp\/v2\/types\/page"}],"author":[{"embeddable":true,"href":"http:\/\/guinebissau.com\/pt\/wp-json\/wp\/v2\/users\/1"}],"replies":[{"embeddable":true,"href":"http:\/\/guinebissau.com\/pt\/wp-json\/wp\/v2\/comments?post=12"}],"version-history":[{"count":13,"href":"http:\/\/guinebissau.com\/pt\/wp-json\/wp\/v2\/pages\/12\/revisions"}],"predecessor-version":[{"id":203,"href":"http:\/\/guinebissau.com\/pt\/wp-json\/wp\/v2\/pages\/12\/revisions\/203"}],"wp:featuredmedia":[{"embeddable":true,"href":"http:\/\/guinebissau.com\/pt\/wp-json\/wp\/v2\/media\/123"}],"wp:attachment":[{"href":"http:\/\/guinebissau.com\/pt\/wp-json\/wp\/v2\/media?parent=12"}],"curies":[{"name":"wp","href":"https:\/\/api.w.org\/{rel}","templated":true}]}}