{"id":14,"date":"2014-11-18T06:46:05","date_gmt":"2014-11-18T06:46:05","guid":{"rendered":"http:\/\/linuxfed20\/guinea\/?page_id=14"},"modified":"2015-01-09T08:56:28","modified_gmt":"2015-01-09T08:56:28","slug":"investment-oppurtunities","status":"publish","type":"page","link":"http:\/\/guinebissau.com\/pt\/investment-oppurtunities\/","title":{"rendered":"Oportunidades de Investimento"},"content":{"rendered":"<p><\/p>\n<div class=\"investment_inner clearfix \">\n<div class=\"lefttexts\">\n<div id=\"tourism\" class=\"clearfix invest\">\n<p><span class=\"invest_icon\"><img decoding=\"async\" src=\"http:\/\/guinebissau.com\/wp-content\/uploads\/2014\/11\/oppurtunity_icon1.png\" alt=\"oppurtunity_icon1\" \/><\/span><span class=\"invest_texts\"><span class=\"redstrong\">Turismo:<\/span> Dada a sua localiza\u00e7\u00e3o, clima e vastas extens\u00f5es de beleza natural intacta, o desenvolvimento do Turismo \u00e9 o grande foco de investimento do governo.<\/span><\/p>\n<\/div>\n<div id=\"import\" class=\"clearfix invest\">\n<p><span class=\"invest_icon\"><img decoding=\"async\" src=\"http:\/\/guinebissau.com\/wp-content\/uploads\/2014\/11\/oppurtunity_icon2.png\" alt=\"oppurtunity_icon2\" \/><\/span><span class=\"invest_texts\"><span class=\"redstrong\">Importa\u00e7\u00e3o-Exporta\u00e7\u00e3o:<\/span> A capital da Guin\u00e9-Bissau, Bissau, \u00e9 uma grande cidade portu\u00e1ria. J\u00e1 est\u00e3o implementadas as infraestruturas para importa\u00e7\u00e3o e exporta\u00e7\u00e3o, como os gabinetes alfandeg\u00e1rios. As taxas s\u00e3o baixas em todos os sectores, \u00e0 exce\u00e7\u00e3o de mercadorias de luxo e bebidas alco\u00f3licas.<\/span><\/p>\n<\/div>\n<div id=\"telecom\" class=\"clearfix invest\">\n<p><span class=\"invest_icon\"><img decoding=\"async\" src=\"http:\/\/guinebissau.com\/wp-content\/uploads\/2014\/11\/oppurtunity_icon3.png\" alt=\"oppurtunity_icon3\" \/><\/span><span class=\"invest_texts\"><span class=\"redstrong\">Telecomunica\u00e7\u00f5es:<\/span> Tal como muitos pa\u00edses africanos, a Guin\u00e9-Bissau deu um salto de gigante na dire\u00e7\u00e3o das redes wireless. A percentagem de popula\u00e7\u00e3o com telem\u00f3vel e acesso \u00e0 internet cresce rapidamente.<\/span><\/p>\n<\/div>\n<div id=\"construction\" class=\"clearfix invest\">\n<p><span class=\"invest_icon\"><img decoding=\"async\" src=\"http:\/\/guinebissau.com\/wp-content\/uploads\/2014\/11\/oppurtunity_icon4.png\" alt=\"oppurtunity_icon4\" \/><\/span><span class=\"invest_texts\"><span class=\"redstrong\">Constru\u00e7\u00e3o e Desenvolvimento:<\/span> Existem in\u00fameras oportunidades neste sector, muitas mais do que os neg\u00f3cios locais podem esperar encontrar. Al\u00e9m disso, apresenta excelentes oportunidades de investimento.<\/span><\/p>\n<\/div>\n<div id=\"manufacture\" class=\"clearfix invest\">\n<p><span class=\"invest_icon\"><img decoding=\"async\" src=\"http:\/\/guinebissau.com\/wp-content\/uploads\/2014\/11\/oppurtunity_icon5.png\" alt=\"oppurtunity_icon5\" \/><\/span><span class=\"invest_texts\"><span class=\"redstrong\">Ind\u00fastria:<\/span>Atualmente, o sector da ind\u00fastria inclui pequenas empresas que servem o mercado dom\u00e9stico. O governo procura o desenvolvimento de um sector industrial mais robusto \u2013 incluindo servi\u00e7os secund\u00e1rios como a atividade banc\u00e1ria \u2013 para fazer melhor uso da riqueza de mat\u00e9rias primas da Guin\u00e9-Bissau, bem como da sua localiza\u00e7\u00e3o costeira e \u00e1guas profundas que a tornam num excelente ponto de embarca\u00e7\u00e3o. <\/span> <\/p>\n<\/div>\n<div id=\"livestock\" class=\"clearfix invest\">\n<p><span class=\"invest_icon\"><img decoding=\"async\" src=\"http:\/\/guinebissau.com\/wp-content\/uploads\/2014\/11\/oppurtunity_icon6.png\" alt=\"oppurtunity_icon6\" \/><\/span><span class=\"invest_texts\"><span class=\"redstrong\">Gado:<\/span> O sector do gado na Guin\u00e9-Bissau est\u00e1 subdesenvolvido, caracterizando-se pelos pequenos criadores de gado, porcos e aves. As ganadarias organizadas n\u00e3o existem. Uma vez que a na\u00e7\u00e3o procura atrair neg\u00f3cios e turismo, existe a necessidade de um upgrade substancial nesta \u00e1rea \u2013 havendo assim oportunidades para um investimento rent\u00e1vel.<\/span> <\/p>\n<\/div>\n<div id=\"fisheries\" class=\"clearfix invest\">\n<p><span class=\"invest_icon\"><img decoding=\"async\" src=\"http:\/\/guinebissau.com\/wp-content\/uploads\/2014\/11\/oppurtunity_icon7.png\" alt=\"oppurtunity_icon7\" \/><\/span><span class=\"invest_texts\"><span class=\"redstrong\">Pescas:<\/span> A procura interna de peixe e marisco est\u00e1 a aumentar: por isso o governo da Guin\u00e9-Bissau est\u00e1 a oferecer incentivos para o investimento neste sector. Al\u00e9m disso, a exporta\u00e7\u00e3o ser\u00e1 facilitada, significando que os investidores poder\u00e3o explorar m\u00faltiplas correntes de retorno.<\/span><\/p>\n<\/div>\n<div id=\"agribusiness\" class=\"clearfix invest\">\n<p><span class=\"invest_icon\"><img decoding=\"async\" src=\"http:\/\/guinebissau.com\/wp-content\/uploads\/2014\/11\/oppurtunity_icon8.png\" alt=\"oppurtunity_icon8\" \/><\/span><span class=\"invest_texts\"><span class=\"redstrong\">Agroneg\u00f3cio e Agro-processamento:<\/span> Os solos da Guin\u00e9-Bissau s\u00e3o f\u00e9rteis e prop\u00edcios \u00e0 produ\u00e7\u00e3o agr\u00edcola. No entanto, os m\u00e9todos agr\u00edcolas s\u00e3o na sua maioria pr\u00e9-industriais. Do mesmo modo, a capacidade de processamento est\u00e3o altamente subdesenvolvidas, o que significa que atualmente produtos como os sumos de fruta, molhos, frutos secos, ra\u00e7\u00f5es e lactic\u00ednios, t\u00eam que ser importados, enquanto frutos como as mangas, laranjas, ou o tomate, ficam sem uso. Existe espa\u00e7o para uma melhoria maci\u00e7a destes sectores b\u00e1sicos.<\/span><\/p>\n<\/div>\n<\/div>\n<div class=\"righttexts\">\n<h3>As <br \/> <span class=\"bigbluetext\">oportunidades abundam<\/span> <br \/><span class=\"bigredtext\">para investidores<\/span><br \/>qualificados <\/h3>\n<\/div>\n<\/div>\n<p><\/p>","protected":false},"excerpt":{"rendered":"<p>Turismo: Dada a sua localiza\u00e7\u00e3o, clima e vastas extens\u00f5es de beleza natural intacta, o desenvolvimento do Turismo \u00e9 o grande foco de investimento do governo. Importa\u00e7\u00e3o-Exporta\u00e7\u00e3o: A capital da Guin\u00e9-Bissau, Bissau, \u00e9 uma grande cidade portu\u00e1ria. J\u00e1 est\u00e3o implementadas as infraestruturas para importa\u00e7\u00e3o e exporta\u00e7\u00e3o, como os gabinetes alfandeg\u00e1rios. As taxas s\u00e3o baixas em todos [&hellip;]<\/p>\n","protected":false},"author":1,"featured_media":117,"parent":0,"menu_order":0,"comment_status":"open","ping_status":"open","template":"","meta":{"footnotes":""},"class_list":["post-14","page","type-page","status-publish","has-post-thumbnail","hentry"],"_links":{"self":[{"href":"http:\/\/guinebissau.com\/pt\/wp-json\/wp\/v2\/pages\/14","targetHints":{"allow":["GET"]}}],"collection":[{"href":"http:\/\/guinebissau.com\/pt\/wp-json\/wp\/v2\/pages"}],"about":[{"href":"http:\/\/guinebissau.com\/pt\/wp-json\/wp\/v2\/types\/page"}],"author":[{"embeddable":true,"href":"http:\/\/guinebissau.com\/pt\/wp-json\/wp\/v2\/users\/1"}],"replies":[{"embeddable":true,"href":"http:\/\/guinebissau.com\/pt\/wp-json\/wp\/v2\/comments?post=14"}],"version-history":[{"count":21,"href":"http:\/\/guinebissau.com\/pt\/wp-json\/wp\/v2\/pages\/14\/revisions"}],"predecessor-version":[{"id":207,"href":"http:\/\/guinebissau.com\/pt\/wp-json\/wp\/v2\/pages\/14\/revisions\/207"}],"wp:featuredmedia":[{"embeddable":true,"href":"http:\/\/guinebissau.com\/pt\/wp-json\/wp\/v2\/media\/117"}],"wp:attachment":[{"href":"http:\/\/guinebissau.com\/pt\/wp-json\/wp\/v2\/media?parent=14"}],"curies":[{"name":"wp","href":"https:\/\/api.w.org\/{rel}","templated":true}]}}