{"id":53,"date":"2014-11-18T09:29:10","date_gmt":"2014-11-18T09:29:10","guid":{"rendered":"http:\/\/linuxfed20\/guinea\/?page_id=53"},"modified":"2015-01-09T06:34:23","modified_gmt":"2015-01-09T06:34:23","slug":"business-climate-about-the-country-home-page","status":"publish","type":"page","link":"http:\/\/guinebissau.com\/pt\/business-climate-about-the-country-home-page\/","title":{"rendered":"Business Climate- About the Country &#8211; home page"},"content":{"rendered":"<p><\/p>\n<div class=\"business_climate clearfix\">\n<h2 class=\"head_title\">Clima de Neg\u00f3cios<\/h2>\n<p class=\"head_slogan\">Um clima amplamente melhorado para o investimento e neg\u00f3cios.<\/p>\n<\/p><\/div>\n<div class=\"business_climate_details clearfix\">\n        <img decoding=\"async\" src=\"http:\/\/guinebissau.com\/wp-content\/uploads\/2014\/11\/business-climate1.png\" alt=\"business-climate\" \/><\/p>\n<p class=\"head_slogan\">De acordo com o relat\u00f3rio do Banco Mundial \u2018Doing Business 2015\u2019, o clima de neg\u00f3cios da Guin\u00e9-Bissau pode ser medido atrav\u00e9s de m\u00faltiplos indicadores \u2013 por exemplo, obten\u00e7\u00e3o de cr\u00e9dito, licen\u00e7as, mesmo em termos mais b\u00e1sicos como a fiabilidade no ramo imobili\u00e1rio, a eletricidade \u2013 est\u00e3o a melhorar. A Moeda \u00e9 est\u00e1vel. Come\u00e7ar um neg\u00f3cio \u00e9 mais f\u00e1cil.   <a href=\"http:\/\/guinebissau.com\/pt\/?page_id=12\"> [&#8230;]<\/a><\/p>\n<\/p><\/div>\n<div class=\"about_country clearfix\">\n<p class=\"head_slogan\">Uma na\u00e7\u00e3o no in\u00edcio da sua ascens\u00e3o econ\u00f3mica.<\/p>\n<h2 class=\"head_title\">Sobre o Pa\u00eds<\/h2>\n<\/p><\/div>\n<div class=\"about_country_details clearfix\">\n        <img decoding=\"async\" src=\"http:\/\/guinebissau.com\/wp-content\/uploads\/2014\/11\/about_country.png\" alt=\"about_country_small\" \/> <\/p>\n<p class=\"head_slogan\">A Rep\u00fablica da Guin\u00e9-Bissau, na \u00c1frica Ocidental, \u00e9 uma ex-col\u00f3nia portuguesa com uma popula\u00e7\u00e3o de 1.6 milh\u00f5es. Pertence \u00e0 Uni\u00e3o Econ\u00f3mica e Monet\u00e1ria do Oeste Africano, cuja popula\u00e7\u00e3o ascende aos 72 milh\u00f5es. A Guin\u00e9-Bissau situa-se na costa ocidental Africana, a sul da Gambia e a noroeste da Guin\u00e9.  <a href=\"http:\/\/guinebissau.com\/pt\/?page_id=10\"> [&#8230;]<\/a><\/p>\n<\/p><\/div>\n<p><\/p>","protected":false},"excerpt":{"rendered":"<p>Clima de Neg\u00f3cios Um clima amplamente melhorado para o investimento e neg\u00f3cios. De acordo com o relat\u00f3rio do Banco Mundial \u2018Doing Business 2015\u2019, o clima de neg\u00f3cios da Guin\u00e9-Bissau pode ser medido atrav\u00e9s de m\u00faltiplos indicadores \u2013 por exemplo, obten\u00e7\u00e3o de cr\u00e9dito, licen\u00e7as, mesmo em termos mais b\u00e1sicos como a fiabilidade no ramo imobili\u00e1rio, a [&hellip;]<\/p>\n","protected":false},"author":1,"featured_media":0,"parent":0,"menu_order":0,"comment_status":"open","ping_status":"open","template":"","meta":{"footnotes":""},"class_list":["post-53","page","type-page","status-publish","hentry"],"_links":{"self":[{"href":"http:\/\/guinebissau.com\/pt\/wp-json\/wp\/v2\/pages\/53","targetHints":{"allow":["GET"]}}],"collection":[{"href":"http:\/\/guinebissau.com\/pt\/wp-json\/wp\/v2\/pages"}],"about":[{"href":"http:\/\/guinebissau.com\/pt\/wp-json\/wp\/v2\/types\/page"}],"author":[{"embeddable":true,"href":"http:\/\/guinebissau.com\/pt\/wp-json\/wp\/v2\/users\/1"}],"replies":[{"embeddable":true,"href":"http:\/\/guinebissau.com\/pt\/wp-json\/wp\/v2\/comments?post=53"}],"version-history":[{"count":14,"href":"http:\/\/guinebissau.com\/pt\/wp-json\/wp\/v2\/pages\/53\/revisions"}],"predecessor-version":[{"id":230,"href":"http:\/\/guinebissau.com\/pt\/wp-json\/wp\/v2\/pages\/53\/revisions\/230"}],"wp:attachment":[{"href":"http:\/\/guinebissau.com\/pt\/wp-json\/wp\/v2\/media?parent=53"}],"curies":[{"name":"wp","href":"https:\/\/api.w.org\/{rel}","templated":true}]}}