{"id":6,"date":"2014-11-18T06:42:01","date_gmt":"2014-11-18T06:42:01","guid":{"rendered":"http:\/\/linuxfed20\/guinea\/?page_id=6"},"modified":"2025-08-06T12:41:18","modified_gmt":"2025-08-06T12:41:18","slug":"about","status":"publish","type":"page","link":"http:\/\/guinebissau.com\/pt\/about\/","title":{"rendered":"Sobre N\u00f3s"},"content":{"rendered":"<p><\/p>\n<div class=\"lefttexts\">\n<h3>Miss\u00e3o<\/h3>\n<p class=\"bottom_border\">A Ag\u00eancia Nacional de Investimentos da Guin\u00e9-Bissau incentiva e facilita o investimento de investidores qualificados cujos objectivos se encontrem em linha com os da economia da Guin\u00e9-Bissau. Ao apresentar investidores a oportunidades na Guin\u00e9-Bissau, o nosso objectivo \u00e9 criar uma situa\u00e7\u00e3o ganho-ganho que beneficie os investidores, o pa\u00eds, e o povo da Guin\u00e9-Bissau.<\/p>\n<h3>Lideran\u00e7a<\/h3>\n<p>Desde 2014, Carlo Scevola atua como assessor do Primeiro-Ministro da Guin\u00e9-Bissau, oferecendo orienta\u00e7\u00f5es especializadas em estrat\u00e9gias de investimento e no fortalecimento das rela\u00e7\u00f5es do pa\u00eds com a Uni\u00e3o Europeia. Nesse cargo, ele tem desempenhado um papel fundamental na formula\u00e7\u00e3o de pol\u00edticas voltadas para a atra\u00e7\u00e3o de investimentos internacionais e no incentivo ao crescimento econ\u00f4mico sustent\u00e1vel. Al\u00e9m disso, o Sr. Scevola foi designado para liderar a Ag\u00eancia Nacional de Investimentos da Guin\u00e9-Bissau, onde conduz iniciativas para simplificar o processo de investimentos, desenvolver projetos de infraestrutura essenciais e promover o pa\u00eds como um destino competitivo para o capital estrangeiro. Seus esfor\u00e7os t\u00eam se concentrado na moderniza\u00e7\u00e3o do ambiente de investimentos e na cria\u00e7\u00e3o de condi\u00e7\u00f5es favor\u00e1veis para o desenvolvimento econ\u00f4mico de longo prazo.<\/p>\n<\/div>\n<div class=\"righttexts\">\n<h3>Promover o<br \/>\n<span class=\"bigbluetext\">investimento<\/span><br \/>\nnuma das <span class=\"bigredtext\">economias<\/span><br \/>\nemergentes <span class=\"bigblacktext\">de \u00c1frica<\/span><\/h3>\n<\/div>\n<p><\/p>","protected":false},"excerpt":{"rendered":"<p>Miss\u00e3o A Ag\u00eancia Nacional de Investimentos da Guin\u00e9-Bissau incentiva e facilita o investimento de investidores qualificados cujos objectivos se encontrem em linha com os da economia da Guin\u00e9-Bissau. Ao apresentar investidores a oportunidades na Guin\u00e9-Bissau, o nosso objectivo \u00e9 criar uma situa\u00e7\u00e3o ganho-ganho que beneficie os investidores, o pa\u00eds, e o povo da Guin\u00e9-Bissau. Lideran\u00e7a [&hellip;]<\/p>\n","protected":false},"author":1,"featured_media":129,"parent":0,"menu_order":0,"comment_status":"open","ping_status":"open","template":"","meta":{"footnotes":""},"class_list":["post-6","page","type-page","status-publish","has-post-thumbnail","hentry"],"_links":{"self":[{"href":"http:\/\/guinebissau.com\/pt\/wp-json\/wp\/v2\/pages\/6","targetHints":{"allow":["GET"]}}],"collection":[{"href":"http:\/\/guinebissau.com\/pt\/wp-json\/wp\/v2\/pages"}],"about":[{"href":"http:\/\/guinebissau.com\/pt\/wp-json\/wp\/v2\/types\/page"}],"author":[{"embeddable":true,"href":"http:\/\/guinebissau.com\/pt\/wp-json\/wp\/v2\/users\/1"}],"replies":[{"embeddable":true,"href":"http:\/\/guinebissau.com\/pt\/wp-json\/wp\/v2\/comments?post=6"}],"version-history":[{"count":17,"href":"http:\/\/guinebissau.com\/pt\/wp-json\/wp\/v2\/pages\/6\/revisions"}],"predecessor-version":[{"id":226,"href":"http:\/\/guinebissau.com\/pt\/wp-json\/wp\/v2\/pages\/6\/revisions\/226"}],"wp:featuredmedia":[{"embeddable":true,"href":"http:\/\/guinebissau.com\/pt\/wp-json\/wp\/v2\/media\/129"}],"wp:attachment":[{"href":"http:\/\/guinebissau.com\/pt\/wp-json\/wp\/v2\/media?parent=6"}],"curies":[{"name":"wp","href":"https:\/\/api.w.org\/{rel}","templated":true}]}}