{"id":8,"date":"2014-11-18T06:42:12","date_gmt":"2014-11-18T06:42:12","guid":{"rendered":"http:\/\/linuxfed20\/guinea\/?page_id=8"},"modified":"2015-01-12T23:29:50","modified_gmt":"2015-01-12T23:29:50","slug":"contact","status":"publish","type":"page","link":"http:\/\/guinebissau.com\/pt\/contact\/","title":{"rendered":"Contacto"},"content":{"rendered":"<p><\/p>\n<div class=\"contact_us\">\n<div class=\"lefttexts\">\n<p>A Ag\u00eancia Nacional de Investimentos da Guin\u00e9-Bissau existe para ajudar investidores qualificados a identificar oportunidades neste excitante pa\u00eds. D\u00ea-nos a conhecer o seu interesse e entraremos em contacto consigo brevemente.<\/p>\n<div class=\"contact_form clearfix\">\n                    \n<div class=\"wpcf7 no-js\" id=\"wpcf7-f176-o2\" lang=\"en-US\" dir=\"ltr\" data-wpcf7-id=\"176\">\n<div class=\"screen-reader-response\"><p role=\"status\" aria-live=\"polite\" aria-atomic=\"true\"><\/p> <ul><\/ul><\/div>\n<form action=\"\/pt\/wp-json\/wp\/v2\/pages\/8#wpcf7-f176-o2\" method=\"post\" class=\"wpcf7-form init\" aria-label=\"Contact form\" novalidate=\"novalidate\" data-status=\"init\">\n<fieldset class=\"hidden-fields-container\"><input type=\"hidden\" name=\"_wpcf7\" value=\"176\" \/><input type=\"hidden\" name=\"_wpcf7_version\" value=\"6.1.3\" \/><input type=\"hidden\" name=\"_wpcf7_locale\" value=\"en_US\" \/><input type=\"hidden\" name=\"_wpcf7_unit_tag\" value=\"wpcf7-f176-o2\" \/><input type=\"hidden\" name=\"_wpcf7_container_post\" value=\"0\" \/><input type=\"hidden\" name=\"_wpcf7_posted_data_hash\" value=\"\" \/>\n<\/fieldset>\n<p><span class=\"eachfield clearfix\"><span class=\"label\">Nome :<\/span><span class=\"formfield\"><span class=\"wpcf7-form-control-wrap\" data-name=\"name\"><input size=\"40\" maxlength=\"400\" class=\"wpcf7-form-control wpcf7-text\" aria-invalid=\"false\" placeholder=\"Your Name\" value=\"\" type=\"text\" name=\"name\" \/><\/span><\/span> <\/span><br \/>\n<span class=\"eachfield clearfix\"><span class=\"label\">Email:<\/span><span class=\"formfield\"><span class=\"wpcf7-form-control-wrap\" data-name=\"YourEmail\"><input size=\"40\" maxlength=\"400\" class=\"wpcf7-form-control wpcf7-email wpcf7-validates-as-required wpcf7-text wpcf7-validates-as-email\" aria-required=\"true\" aria-invalid=\"false\" placeholder=\"Your Email\" value=\"\" type=\"email\" name=\"YourEmail\" \/><\/span><\/span><\/span><br \/>\n<span class=\"eachfield clearfix\"><span class=\"label\">Fale-nos um pouco de si:<\/span><span class=\"formfield\"><span class=\"wpcf7-form-control-wrap\" data-name=\"Yourself\"><textarea cols=\"40\" rows=\"10\" maxlength=\"2000\" class=\"wpcf7-form-control wpcf7-textarea\" aria-invalid=\"false\" placeholder=\"Text Here\" name=\"Yourself\"><\/textarea><\/span><\/span> <\/span><br \/>\n<span class=\"eachfield\"><input class=\"wpcf7-form-control wpcf7-submit has-spinner\" type=\"submit\" value=\"SUBMETER\" \/><\/span>\n<\/p><div class=\"wpcf7-response-output\" aria-hidden=\"true\"><\/div>\n<\/form>\n<\/div>\n\n                    <\/div>\n<\/p><\/div>\n<div class=\"righttexts\">\n<h3><span class=\"bigbluetext\">Vamos <\/span> <br \/> <span class=\"bigredtext\">Conversar<\/span> <\/h3>\n<\/p><\/div>\n<\/div>\n<p><\/p>","protected":false},"excerpt":{"rendered":"<p>A Ag\u00eancia Nacional de Investimentos da Guin\u00e9-Bissau existe para ajudar investidores qualificados a identificar oportunidades neste excitante pa\u00eds. D\u00ea-nos a conhecer o seu interesse e entraremos em contacto consigo brevemente. Vamos Conversar<\/p>\n","protected":false},"author":1,"featured_media":111,"parent":0,"menu_order":0,"comment_status":"open","ping_status":"open","template":"","meta":{"footnotes":""},"class_list":["post-8","page","type-page","status-publish","has-post-thumbnail","hentry"],"_links":{"self":[{"href":"http:\/\/guinebissau.com\/pt\/wp-json\/wp\/v2\/pages\/8","targetHints":{"allow":["GET"]}}],"collection":[{"href":"http:\/\/guinebissau.com\/pt\/wp-json\/wp\/v2\/pages"}],"about":[{"href":"http:\/\/guinebissau.com\/pt\/wp-json\/wp\/v2\/types\/page"}],"author":[{"embeddable":true,"href":"http:\/\/guinebissau.com\/pt\/wp-json\/wp\/v2\/users\/1"}],"replies":[{"embeddable":true,"href":"http:\/\/guinebissau.com\/pt\/wp-json\/wp\/v2\/comments?post=8"}],"version-history":[{"count":19,"href":"http:\/\/guinebissau.com\/pt\/wp-json\/wp\/v2\/pages\/8\/revisions"}],"predecessor-version":[{"id":217,"href":"http:\/\/guinebissau.com\/pt\/wp-json\/wp\/v2\/pages\/8\/revisions\/217"}],"wp:featuredmedia":[{"embeddable":true,"href":"http:\/\/guinebissau.com\/pt\/wp-json\/wp\/v2\/media\/111"}],"wp:attachment":[{"href":"http:\/\/guinebissau.com\/pt\/wp-json\/wp\/v2\/media?parent=8"}],"curies":[{"name":"wp","href":"https:\/\/api.w.org\/{rel}","templated":true}]}}