{"id":12,"date":"2014-11-18T06:45:42","date_gmt":"2014-11-18T06:45:42","guid":{"rendered":"http:\/\/linuxfed20\/guinea\/?page_id=12"},"modified":"2015-01-09T06:46:15","modified_gmt":"2015-01-09T06:46:15","slug":"business-climate","status":"publish","type":"page","link":"https:\/\/guinebissau.com\/it\/business-climate\/","title":{"rendered":"Clima economico"},"content":{"rendered":"<p><\/p>\n<div class=\"lefttexts\">\n<p class=\"bottom_border\">Secondo una relazione della Banca Mondiale, \u201cDoing Business 2015\u201d, il clima economico della Guinea-Bissau definito sulla base di diversi indicatori \u2013 ad esempio, ottenimento del credito, ottenimento di licenze, anche aspetti basilari come garanzia del patrimonio immobiliare ed elettricit\u00e0 \u2013 sta migliorando. La valuta \u00e8 stabile. Avviare un\u2019attivit\u00e0 \u00e8 pi\u00f9 semplice. Le tutele per gli investitori sono migliorate e di fatto la Guinea-Bissau si classifica al primo posto tra i suoi pari nella tutela degli investitori di minoranza e degli amministratori societari.<\/p>\n<p class=\"bottom_border\">La sua situazione geografica rende la Guinea-Bissau una comoda sede per il trasporto di merci verso e dai mercati mondiali. Vi sono molte persone disponibili a lavorare che vantano esperienza, in particolare nei settori dell\u2019agricoltura e della pesca. Il tratto di costa sull\u2019Atlantico e la bellezza naturalistica del Paese offrono un futuro interessante per l\u2019industria del turismo.<\/p>\n<p class=\"bottom_border\">Per gli investitori, molte opportunit\u00e0 per l\u2019agricoltura \u2013 ampi tratti di terreno non edificato, associati alla prevalenza di tecniche agricole tradizionali, significano che la modernizzazione pu\u00f2 avere un impatto sostanziale sulla produttivit\u00e0. Inoltre, il clima e le condizioni sono favorevoli all\u2019agricoltura. Lo stesso vale per la pesca, un settore che promette un aumento della produttivit\u00e0 grazie alla modernizzazione.<\/p>\n<p>Per favorire la crescita economica, il governo della Guinea-Bissau sta offrendo incentivi, protezioni e garanzie agli <span class=\"bluetext\">investitori<\/span>:<\/p>\n<ul>\n<li><i class=\"fa fa-angle-double-right\"><\/i>per tutti gli investimenti, esteri o nazionali, \u00e8 previsto un pari trattamento<\/li>\n<li><i class=\"fa fa-angle-double-right\"><\/i>nessuna confisca o nazionalizzazione dei beni<\/li>\n<li><i class=\"fa fa-angle-double-right\"><\/i>libert\u00e0 di trasferimento degli utili<\/li>\n<li><i class=\"fa fa-angle-double-right\"><\/i>potenziale per una riduzione delle tasse del 50% in un periodo di sei anni<\/li>\n<\/ul>\n<\/div>\n<div class=\"righttexts\">\n<h3>Scopri maggiori <span class=\"bigbluetext\">informazioni<\/span> <br \/> sulle opportunit\u00e0 <span class=\"bigredtext\">di investimento<\/span><br \/> nella <span class=\"bigblacktext\">Guinea Bissau<\/span><\/h3>\n<\/div>\n<p><\/p>","protected":false},"excerpt":{"rendered":"<p>Secondo una relazione della Banca Mondiale, \u201cDoing Business 2015\u201d, il clima economico della Guinea-Bissau definito sulla base di diversi indicatori \u2013 ad esempio, ottenimento del credito, ottenimento di licenze, anche aspetti basilari come garanzia del patrimonio immobiliare ed elettricit\u00e0 \u2013 sta migliorando. La valuta \u00e8 stabile. Avviare un\u2019attivit\u00e0 \u00e8 pi\u00f9 semplice. Le tutele per gli [&hellip;]<\/p>\n","protected":false},"author":1,"featured_media":123,"parent":0,"menu_order":0,"comment_status":"open","ping_status":"open","template":"","meta":{"footnotes":""},"class_list":["post-12","page","type-page","status-publish","has-post-thumbnail","hentry"],"_links":{"self":[{"href":"https:\/\/guinebissau.com\/it\/wp-json\/wp\/v2\/pages\/12","targetHints":{"allow":["GET"]}}],"collection":[{"href":"https:\/\/guinebissau.com\/it\/wp-json\/wp\/v2\/pages"}],"about":[{"href":"https:\/\/guinebissau.com\/it\/wp-json\/wp\/v2\/types\/page"}],"author":[{"embeddable":true,"href":"https:\/\/guinebissau.com\/it\/wp-json\/wp\/v2\/users\/1"}],"replies":[{"embeddable":true,"href":"https:\/\/guinebissau.com\/it\/wp-json\/wp\/v2\/comments?post=12"}],"version-history":[{"count":13,"href":"https:\/\/guinebissau.com\/it\/wp-json\/wp\/v2\/pages\/12\/revisions"}],"predecessor-version":[{"id":203,"href":"https:\/\/guinebissau.com\/it\/wp-json\/wp\/v2\/pages\/12\/revisions\/203"}],"wp:featuredmedia":[{"embeddable":true,"href":"https:\/\/guinebissau.com\/it\/wp-json\/wp\/v2\/media\/123"}],"wp:attachment":[{"href":"https:\/\/guinebissau.com\/it\/wp-json\/wp\/v2\/media?parent=12"}],"curies":[{"name":"wp","href":"https:\/\/api.w.org\/{rel}","templated":true}]}}